{"id":45,"date":"2020-06-18T18:18:14","date_gmt":"2020-06-18T18:18:14","guid":{"rendered":"https:\/\/www.agenciaromanticaanalitica.net\/sitio\/?page_id=45"},"modified":"2021-07-04T21:01:50","modified_gmt":"2021-07-04T21:01:50","slug":"quienes-somos","status":"publish","type":"page","link":"https:\/\/www.agenciaromanticaanalitica.net\/sitio\/quienes-somos\/","title":{"rendered":"Quienes somos"},"content":{"rendered":"<div class=\"boldgrid-section\">\n<div class=\"container\">\n<div class=\"row\">\n<div class=\"col-md-12 col-xs-12 col-sm-12\">\n<div class=\"boldgrid-section\">\n<div class=\"container\">\n<div class=\"row\" style=\"padding-top: 0px; padding-bottom: 0px;\">\n<div class=\"col-md-12 col-xs-12 col-sm-12\"><\/div>\n<\/div>\n<\/div>\n<\/div>\n<div class=\"boldgrid-section\">\n<div class=\"container-fluid\">\n<div class=\"row bg-background-color color5-background-color color-5-text-contrast\" style=\"padding-top: 30px; padding-bottom: 13px;\">\n<h4 class=\"col-md-12 col-xs-12 col-sm-12\" style=\"font-size: 17px;\"><strong><a href=\"https:\/\/www.agenciaromanticaanalitica.net\/sitio\/quienes-somos\/\">[espa\u00f1ol]<\/a> &nbsp;<a href=\"https:\/\/www.agenciaromanticaanalitica.net\/sitio\/quienes-somos\/quem-somos\/\">[portugu\u00e9s]<\/a><\/strong><\/h4>\n<\/div>\n<\/div>\n<\/div>\n<div class=\"color4-background-color color-4-text-contrast bg-background-color tmpl-team-1 boldgrid-section dynamic-gridblock\">\n<div class=\"container\">\n<div class=\"row\" style=\"padding-top: 50px; padding-bottom: 2px; background-color: #ffffff;\">\n<div class=\"col-md-12 col-sm-12 col-xs-12 text-center\">\n<div style=\"padding: 20px 15%;\" class=\"bg-box\">\n<p class=\"\"><i class=\"fa fa-heart-o\" style=\"font-size: 60px; color: #fcb9b9;\" aria-hidden=\"true\"><span style=\"display: none;\">&nbsp;<\/span><\/i><\/p>\n<h2 class=\"h1 color5-color\" style=\"font-family: Viga; font-weight: 400;\" data-font-family=\"Viga\" data-font-weight=\"400\" data-font-style=\"\">Sobre nosotras<\/h2>\n<p class=\"\" style=\"font-size: 18px;\">\u00bfME QUIERE O NO ME QUIERE? Esa no es la cuesti\u00f3n.<br \/>\nLa cuesti\u00f3n es que somos dos artistas que desde marzo de 2020 nos reunimos con ganas de trabajar en colectivo y abrir un debate sobre las relaciones afectivas.<\/p>\n<p>&nbsp;<\/p>\n<p><img loading=\"lazy\" decoding=\"async\" class=\"alignnone wp-image-807 size-large\" src=\"https:\/\/www.agenciaromanticaanalitica.net\/sitio\/wp-content\/uploads\/2021\/07\/DSC9781-1024x684.jpg\" alt=\"\" width=\"1024\" height=\"684\" srcset=\"https:\/\/www.agenciaromanticaanalitica.net\/sitio\/wp-content\/uploads\/2021\/07\/DSC9781-1024x684.jpg 1024w, https:\/\/www.agenciaromanticaanalitica.net\/sitio\/wp-content\/uploads\/2021\/07\/DSC9781-300x200.jpg 300w, https:\/\/www.agenciaromanticaanalitica.net\/sitio\/wp-content\/uploads\/2021\/07\/DSC9781-768x513.jpg 768w, https:\/\/www.agenciaromanticaanalitica.net\/sitio\/wp-content\/uploads\/2021\/07\/DSC9781-1536x1025.jpg 1536w, https:\/\/www.agenciaromanticaanalitica.net\/sitio\/wp-content\/uploads\/2021\/07\/DSC9781-2048x1367.jpg 2048w, https:\/\/www.agenciaromanticaanalitica.net\/sitio\/wp-content\/uploads\/2021\/07\/DSC9781-250x167.jpg 250w, https:\/\/www.agenciaromanticaanalitica.net\/sitio\/wp-content\/uploads\/2021\/07\/DSC9781-550x367.jpg 550w, https:\/\/www.agenciaromanticaanalitica.net\/sitio\/wp-content\/uploads\/2021\/07\/DSC9781-800x534.jpg 800w, https:\/\/www.agenciaromanticaanalitica.net\/sitio\/wp-content\/uploads\/2021\/07\/DSC9781-270x180.jpg 270w, https:\/\/www.agenciaromanticaanalitica.net\/sitio\/wp-content\/uploads\/2021\/07\/DSC9781-449x300.jpg 449w, https:\/\/www.agenciaromanticaanalitica.net\/sitio\/wp-content\/uploads\/2021\/07\/DSC9781-749x500.jpg 749w\" sizes=\"auto, (max-width: 1024px) 100vw, 1024px\" \/><\/p>\n<p class=\"\">As\u00ed decidimos construir una ficci\u00f3n institucional dedicada a la producci\u00f3n de obra e investigaci\u00f3n a trav\u00e9s abrir instancias de participaci\u00f3n.&nbsp;<\/p>\n<\/div>\n<\/div>\n<\/div>\n<\/div>\n<\/div>\n<div class=\"color5-background-color color-5-text-contrast bg-background-color tmpl-team-1 boldgrid-section dynamic-gridblock\">\n<div class=\"container\">\n<div class=\"row bg-background-color color4-background-color color-4-text-contrast current-edit-as-row\" style=\"padding-top: 21px; padding-bottom: 21px;\">\n<div class=\"col-md-6 col-sm-6 col-xs-12 text-center\">\n<div style=\"padding: 10px 10px;\" class=\"bg-box\">\n<h4 class=\"color5-color\" style=\"text-transform: uppercase; font-size: 18px;\">Guillermina Bustos<\/h4>\n<p class=\"\" style=\"text-align: center;\">Artista e investigadora de arte.(C\u00f3rdoba, Argentina. 1988)<\/p>\n<p class=\"\" style=\"text-align: center;\">Vive y trabaja en S\u00e3o Paulo, Brasil.<\/p>\n<p class=\"bg-social-icons inherit \" style=\"font-size: 25px;\"><a style=\"margin: 0 5px; text-decoration: none;\" href=\"https:\/\/www.instagram.com\/guillermina_bustos\/\"> <i class=\"fa fa-instagram\" aria-hidden=\"true\"><span style=\"display: none;\">&nbsp;<\/span><\/i><\/a> <a style=\"margin: 0 5px; text-decoration: none;\" href=\"https:\/\/www.facebook.com\/guillermina.bustos\"><i class=\"fa fa-facebook-square\" aria-hidden=\"true\"><span style=\"display: none;\">&nbsp;<\/span><\/i><\/a> <a style=\"margin: 0 5px; text-decoration: none;\" href=\"https:\/\/twitter.com\/GuillermiBustos\"><i class=\"fa fa-twitter-square\" aria-hidden=\"true\"><span style=\"display: none;\">&nbsp;<\/span><\/i><\/a><\/p>\n<\/div>\n<\/div>\n<div class=\"col-md-6 col-sm-6 col-xs-12 text-center\">\n<div style=\"padding: 10px 10px;\" class=\"bg-box\">\n<h4 class=\"color5-color\" style=\"text-transform: uppercase; font-size: 18px;\">Gabriela D\u00edaz Velasco<\/h4>\n<p class=\"\" style=\"text-align: center;\">Artista y trabajadora de arte.(Bogot\u00e1, Colombia. 1992).<\/p>\n<p class=\"\" style=\"text-align: center;\">Vive y trabaja en Bogot\u00e1, Colombia.<\/p>\n<p class=\"bg-social-icons inherit \" style=\"font-size: 25px;\"><a style=\"margin: 0 5px; text-decoration: none;\" href=\"https:\/\/www.instagram.com\/gabrieladiazvelasco_\/\"><i class=\"fa fa-instagram\" aria-hidden=\"true\"><span style=\"display: none;\">&nbsp;<\/span><\/i><\/a> <a style=\"margin: 0 5px; text-decoration: none;\" href=\"https:\/\/www.facebook.com\/Dargern\"><i class=\"fa fa-facebook-square\" aria-hidden=\"true\"><span style=\"display: none;\">&nbsp;<\/span><\/i><\/a><\/p>\n<\/div>\n<\/div>\n<\/div>\n<\/div>\n<\/div>\n<div class=\"color-neutral-background-color color-neutral-text-contrast bg-background-color tmpl-services-3 boldgrid-section dynamic-gridblock background-scroll\" style=\"color: #1d1d1d; background-position: 50% 50%; background-size: cover; background-image: linear-gradient(rgba(255, 255, 255, 0.8), rgba(255, 255, 255, 0.8)), url('https:\/\/www.agenciaromanticaanalitica.net\/sitio\/wp-content\/uploads\/2020\/06\/ixlibrb-0.3.5q80fmjpgcropentropycstinysrgbw1600h900fitcrops9f049c9775194cf8498f1d3f0f079963.jpg');\" data-bg-overlaycolor=\"rgba(255, 255, 255, 0.8)\" data-image-url=\"https:\/\/www.agenciaromanticaanalitica.net\/sitio\/wp-content\/uploads\/2020\/06\/ixlibrb-0.3.5q80fmjpgcropentropycstinysrgbw1600h900fitcrops9f049c9775194cf8498f1d3f0f079963.jpg\">\n<div class=\"container-fluid\">\n<div class=\"row\" style=\"padding-top: 9px; padding-bottom: 22px; background-color: #ffffff;\">\n<div class=\"col-md-12 col-xs-12 col-sm-12\">\n<div>\n<p class=\"\" style=\"margin: 0px; font-size: 14px; text-align: center;\"><b>Colaboran<\/b><\/p>\n<p class=\"\" style=\"font-size: 13px; text-align: center;\">Jorge Sep\u00falveda T.&nbsp; [curador\u00eda] \/ &nbsp;Ignacio Bustos&nbsp; [t\u00e9cnica] \/&nbsp;Adriene Coelho [revisi\u00f3n al portugu\u00e9s]<\/p>\n<\/div>\n<\/div>\n<\/div>\n<div class=\"row bg-background-color color4-background-color color-4-text-contrast\" style=\"padding-top: 70px; padding-bottom: 100px;\">\n<div class=\"col-md-3 col-sm-6 col-xs-12 text-center\">\n<div>\n<p class=\"\"><i class=\"fa fa-hand-spock-o\" style=\"font-size: 45px; color: #47eabc;\" aria-hidden=\"true\"><br \/>\n<span style=\"display: none;\">&nbsp;<\/span><\/i><\/p>\n<p class=\"h4\" style=\"text-transform: uppercase;\">interacci\u00f3n&nbsp;<\/p>\n<p class=\"\"><i class=\"fa fa-window-minimize\" style=\"color: #47eabc;\" aria-hidden=\"true\"><span style=\"display: none;\">&nbsp;<\/span><\/i><\/p>\n<p class=\"\" style=\"margin: 30px 0;\">Proponemos instancias de interacci\u00f3n con nuestra propuesta y la informaci\u00f3n que organizamos.<\/p>\n<\/div>\n<\/div>\n<div class=\"col-md-3 col-sm-6 col-xs-12 text-center\">\n<div>\n<p class=\"\"><i class=\"fa fa-bar-chart\" style=\"font-size: 45px; color: #47eabc;\" aria-hidden=\"true\"><span style=\"display: none;\">&nbsp;<\/span><\/i><\/p>\n<p class=\"h4\" style=\"text-transform: uppercase;\">AN\u00c1LISIS de datos<\/p>\n<p class=\"\"><i class=\"fa fa-window-minimize\" style=\"color: #47eabc;\" aria-hidden=\"true\"><span style=\"display: none;\">&nbsp;<\/span><\/i><\/p>\n<p class=\"\" style=\"margin: 30px 0;\">Realizamos an\u00e1lisis estad\u00edsticos y an\u00e1lisis de discurso de fen\u00f3menos culturales sobre el amor en Am\u00e9rica Latina.<\/p>\n<\/div>\n<\/div>\n<div class=\"col-md-3 col-sm-6 col-xs-12 text-center\">\n<div>\n<p class=\"\"><i class=\"fa fa-diamond\" style=\"font-size: 45px; color: #47eabc;\" aria-hidden=\"true\"><span style=\"display: none;\">&nbsp;<\/span><\/i><\/p>\n<p class=\"h4\" style=\"text-transform: uppercase;\">exhibici\u00f3n<\/p>\n<p class=\"\"><i class=\"fa fa-window-minimize\" style=\"color: #47eabc;\" aria-hidden=\"true\"><span style=\"display: none;\">&nbsp;<\/span><\/i><\/p>\n<p class=\"\" style=\"margin: 30px 0;\">Disponibilizamos publicamente la informaci\u00f3n a trav\u00e9s de su exhibici\u00f3n en m\u00faltiples medios.<\/p>\n<\/div>\n<\/div>\n<div class=\"col-md-3 col-sm-6 col-xs-12 text-center\">\n<div>\n<p class=\"\"><i class=\"fa fa-hand-grab-o\" style=\"font-size: 45px; color: #47eabc;\" aria-hidden=\"true\"><span style=\"display: none;\">&nbsp;<\/span><\/i><\/p>\n<p class=\"h4\" style=\"text-transform: uppercase;\">afectaci\u00f3n&nbsp;<\/p>\n<p class=\"\"><i class=\"fa fa-window-minimize\" style=\"color: #47eabc;\" aria-hidden=\"true\"><span style=\"display: none;\">&nbsp;<\/span><\/i><\/p>\n<p class=\"\" style=\"margin: 30px 0;\">Queremos afectar la manera en que nos relacionamos afectivamente.<\/p>\n<\/div>\n<\/div>\n<\/div>\n<\/div>\n<\/div>\n<\/div>\n<\/div>\n<\/div>\n<\/div>\n","protected":false},"excerpt":{"rendered":"<p>[espa\u00f1ol] &nbsp;[portugu\u00e9s] &nbsp; Sobre nosotras \u00bfME QUIERE O NO ME QUIERE? Esa no es la cuesti\u00f3n. La cuesti\u00f3n es que&hellip; <a class=\"read-more\" href=\"https:\/\/www.agenciaromanticaanalitica.net\/sitio\/quienes-somos\/\">Read more <span class=\"screen-reader-text\">Quienes somos<\/span><\/a><\/p>\n","protected":false},"author":1,"featured_media":0,"parent":0,"menu_order":4,"comment_status":"closed","ping_status":"closed","template":"template\/page\/fullwidth.php","meta":{"bgseo_title":"","bgseo_description":"","bgseo_robots_index":"index","bgseo_robots_follow":"follow","footnotes":""},"class_list":["post-45","page","type-page","status-publish","hentry"],"_links":{"self":[{"href":"https:\/\/www.agenciaromanticaanalitica.net\/sitio\/wp-json\/wp\/v2\/pages\/45","targetHints":{"allow":["GET"]}}],"collection":[{"href":"https:\/\/www.agenciaromanticaanalitica.net\/sitio\/wp-json\/wp\/v2\/pages"}],"about":[{"href":"https:\/\/www.agenciaromanticaanalitica.net\/sitio\/wp-json\/wp\/v2\/types\/page"}],"author":[{"embeddable":true,"href":"https:\/\/www.agenciaromanticaanalitica.net\/sitio\/wp-json\/wp\/v2\/users\/1"}],"replies":[{"embeddable":true,"href":"https:\/\/www.agenciaromanticaanalitica.net\/sitio\/wp-json\/wp\/v2\/comments?post=45"}],"version-history":[{"count":11,"href":"https:\/\/www.agenciaromanticaanalitica.net\/sitio\/wp-json\/wp\/v2\/pages\/45\/revisions"}],"predecessor-version":[{"id":838,"href":"https:\/\/www.agenciaromanticaanalitica.net\/sitio\/wp-json\/wp\/v2\/pages\/45\/revisions\/838"}],"wp:attachment":[{"href":"https:\/\/www.agenciaromanticaanalitica.net\/sitio\/wp-json\/wp\/v2\/media?parent=45"}],"curies":[{"name":"wp","href":"https:\/\/api.w.org\/{rel}","templated":true}]}}