{"id":435,"date":"2020-06-21T21:46:20","date_gmt":"2020-06-21T21:46:20","guid":{"rendered":"https:\/\/www.agenciaromanticaanalitica.net\/sitio\/?page_id=435"},"modified":"2021-07-30T19:24:27","modified_gmt":"2021-07-30T19:24:27","slug":"contato","status":"publish","type":"page","link":"https:\/\/www.agenciaromanticaanalitica.net\/sitio\/contacto\/contato\/","title":{"rendered":"Contato"},"content":{"rendered":"<div class=\"boldgrid-section\">\n<div class=\"container-fluid\">\n<div class=\"row\" style=\"padding-bottom: 14px;\">\n<div class=\"col-md-12 col-xs-12 col-sm-12\">\n<p class=\"\">&nbsp;<\/p>\n<div class=\"boldgrid-section\">\n<div class=\"container-fluid\">\n<div class=\"row\" style=\"padding-top: 0px; padding-bottom: 0px;\">\n<div class=\"col-md-12 col-xs-12 col-sm-12\">\n<div><\/div>\n<\/div>\n<\/div>\n<\/div>\n<\/div>\n<div class=\"color1-background-color color-1-text-contrast bg-background-color tmpl-contact-13 boldgrid-section dynamic-gridblock\">\n<div class=\"container-fluid\">\n<div class=\"row bg-background-color color5-background-color color-5-text-contrast\" style=\"padding-bottom: 0px; padding-top: 18px;\">\n<div class=\"col-md-12 col-xs-12 col-sm-12\">\n<div>\n<h4 class=\"\" style=\"margin-top: 0px; text-align: left; font-size: 17px;\"><a href=\"https:\/\/www.agenciaromanticaanalitica.net\/sitio\/contacto\/\">[espa\u00f1ol]<\/a> <a href=\"https:\/\/www.agenciaromanticaanalitica.net\/sitio\/contacto\/contato\/\">[portugues]<\/a><\/h4>\n<\/div>\n<\/div>\n<\/div>\n<\/div>\n<\/div>\n<div class=\"tmpl-contact-10 boldgrid-section dynamic-gridblock\">\n<div class=\"container-fluid\">\n<div class=\"row current-edit-as-row\" style=\"background-color: #eb9d9d;\">\n<div class=\"col-md-4 col-xs-12 col-sm-4 color-neutral-background-color color-neutral-text-contrast bg-background-color\" style=\"padding: 3em;\">\n<div>\n<p class=\"\"><a href=\"https:\/\/www.instagram.com\/agenciaromanticaanalitica\/\"><i class=\"fa fa-instagram\" style=\"font-size: 80px;\" aria-hidden=\"true\"><span style=\"display: none;\">&nbsp;<\/span><\/i><\/a> &nbsp; &nbsp; &nbsp; <i class=\"fa fa-facebook-official\" style=\"font-size: 80px;\" aria-hidden=\"true\"><\/i><\/p>\n<h3 class=\"\" style=\"font-family: Viga; font-weight: 400;\" data-font-family=\"Viga\" data-font-weight=\"400\" data-font-style=\"\">&nbsp;S\u00edga-nos em <a href=\"https:\/\/www.instagram.com\/agenciaromanticaanalitica\/\">Instagram<\/a> e <a href=\"https:\/\/www.facebook.com\/agenciaromanticaanalitica\">facebook<\/a>&nbsp;<\/h3>\n<p class=\"\">Deseja descobrir nossas \u00faltimas not\u00edcias? Seguimos em redes!<\/p>\n<div class=\"nZSzR\">\n<div class=\"_862NM\">\n<div class=\" Igw0E IwRSH eGOV_ vwCYk JI_ht \"><\/div>\n<\/div>\n<div class=\" Igw0E IwRSH eGOV_ _4EzTm \">\n<div class=\" Igw0E rBNOH YBx95 _4EzTm \"><\/div>\n<div class=\"OfoBO\">\n<div class=\"_5fEvj coreSpriteDropdownArrowGrey9\"><\/div>\n<\/div>\n<\/div>\n<div class=\"AFWDX\"><\/div>\n<\/div>\n<\/div>\n<\/div>\n<div class=\"col-md-4 col-xs-12 col-sm-4\" style=\"padding: 3em; background-color: #eacc47;\">\n<div>\n<p class=\"color5-color\"><span style=\"color: #333333;\"><a style=\"color: #333333;\" href=\"http:\/\/tiny.cc\/AgenciaRomanticaAnalitica\"><i class=\"fa fa-whatsapp\" style=\"font-size: 80px;\" aria-hidden=\"true\"><span style=\"display: none;\">&nbsp;<\/span><\/i><\/a><\/span><\/p>\n<h3 class=\"\" style=\"font-family: Viga; font-weight: 400;\" data-font-family=\"Viga\" data-font-weight=\"400\" data-font-style=\"\"><a href=\"http:\/\/tiny.cc\/AgenciaRomanticaAnalitica\">Grupo de discuss\u00e3o<\/a><\/h3>\n<p class=\"\">Participe do grupo de discuss\u00e3o permanente sobre outras formas de afetividade no <a href=\"http:\/\/tiny.cc\/AgenciaRomanticaAnalitica\">WhatsApp.<\/a><\/p>\n<\/div>\n<\/div>\n<div class=\"col-md-4 col-xs-12 col-sm-4\" style=\"padding: 3em; background-color: #c4c4c4;\">\n<div>\n<p class=\"\"><i class=\"fa fa-envelope-open-o\" style=\"font-size: 80px;\" aria-hidden=\"true\"><span style=\"display: none;\">&nbsp;<\/span><\/i><\/p>\n<h3 class=\"\" style=\"font-family: Viga; font-weight: 400;\" data-font-family=\"Viga\" data-font-weight=\"400\" data-font-style=\"\">Enviar um email<\/h3>\n<p class=\"\">Para nossas conversas mais extensas, envie um email para: agenciaromanticaanalitica@gmail.com<\/p>\n<\/div>\n<\/div>\n<\/div>\n<\/div>\n<\/div>\n<div class=\"color3-background-color color-3-text-contrast bg-background-color tmpl-contact-11 boldgrid-section dynamic-gridblock\">\n<div class=\"container-fluid\">\n<div class=\"row color4-background-color color-4-text-contrast bg-background-color\" style=\"padding-top: 25px; padding-bottom: 35px;\">\n<div class=\"col-md-2 col-sm-1 col-xs-12\"><\/div>\n<div class=\"col-md-5 col-sm-7 col-xs-12\" style=\"padding: 1em;\">\n<div>\n<h4 class=\"\" style=\"font-family: Viga; font-weight: 400;\" data-font-family=\"Viga\" data-font-weight=\"400\" data-font-style=\"\">Inscreva-se no nosso newsletter.<\/h4>\n<p class=\"\">Receba mensalmente em seu e-mail not\u00edcias sobre o trabalho da Ag\u00eancia Anal\u00edtica Rom\u00e2ntica.<\/p>\n<p><!-- Begin Mailchimp Signup Form --><\/p>\n<p><label for=\"mce-EMAIL\"><\/label><br \/>\n<input id=\"mce-EMAIL\" class=\"email\" name=\"EMAIL\" required=\"\" type=\"email\" value=\"\" placeholder=\"email address\"><br \/>\n<!-- real people should not fill this in and expect good things - do not remove this or risk form bot signups--><\/p>\n<div id=\"mc_embed_signup\">\n<form id=\"mc-embedded-subscribe-form\" class=\"validate\" action=\"https:\/\/agenciaromanticaanalitica.us10.list-manage.com\/subscribe\/post?u=ee030e805a0d1333ecfdd84d4&amp;id=1dd25dbeac\" method=\"post\" name=\"mc-embedded-subscribe-form\" novalidate=\"\" target=\"_blank\">\n<div id=\"mc_embed_signup_scroll\">\n<div style=\"position: absolute; left: -5000px;\" aria-hidden=\"true\"><input tabindex=\"-1\" name=\"b_ee030e805a0d1333ecfdd84d4_1dd25dbeac\" type=\"text\" value=\"\"><\/div>\n<div class=\"clear\"><input id=\"mc-embedded-subscribe\" class=\"button\" name=\"subscribe\" type=\"submit\" value=\"Subscribe\"><\/div>\n<\/div>\n<\/form>\n<\/div>\n<p><!--End mc_embed_signup--><\/p>\n<\/div>\n<\/div>\n<div class=\"col-md-5 col-sm-4 col-xs-12 align-column-center\" style=\"padding: 1em;\">\n<div>\n<p class=\"\">&nbsp;<\/p>\n<\/div>\n<\/div>\n<\/div>\n<\/div>\n<\/div>\n<\/div>\n<\/div>\n<\/div>\n<\/div>\n","protected":false},"excerpt":{"rendered":"<p>&nbsp; [espa\u00f1ol] [portugues] &nbsp; &nbsp; &nbsp; &nbsp; &nbsp;S\u00edga-nos em Instagram e facebook&nbsp; Deseja descobrir nossas \u00faltimas not\u00edcias? Seguimos em redes!&hellip; <a class=\"read-more\" href=\"https:\/\/www.agenciaromanticaanalitica.net\/sitio\/contacto\/contato\/\">Read more <span class=\"screen-reader-text\">Contato<\/span><\/a><\/p>\n","protected":false},"author":1,"featured_media":0,"parent":70,"menu_order":0,"comment_status":"closed","ping_status":"closed","template":"template\/page\/fullwidth.php","meta":{"bgseo_title":"","bgseo_description":"","bgseo_robots_index":"index","bgseo_robots_follow":"follow","footnotes":""},"class_list":["post-435","page","type-page","status-publish","hentry"],"_links":{"self":[{"href":"https:\/\/www.agenciaromanticaanalitica.net\/sitio\/wp-json\/wp\/v2\/pages\/435","targetHints":{"allow":["GET"]}}],"collection":[{"href":"https:\/\/www.agenciaromanticaanalitica.net\/sitio\/wp-json\/wp\/v2\/pages"}],"about":[{"href":"https:\/\/www.agenciaromanticaanalitica.net\/sitio\/wp-json\/wp\/v2\/types\/page"}],"author":[{"embeddable":true,"href":"https:\/\/www.agenciaromanticaanalitica.net\/sitio\/wp-json\/wp\/v2\/users\/1"}],"replies":[{"embeddable":true,"href":"https:\/\/www.agenciaromanticaanalitica.net\/sitio\/wp-json\/wp\/v2\/comments?post=435"}],"version-history":[{"count":10,"href":"https:\/\/www.agenciaromanticaanalitica.net\/sitio\/wp-json\/wp\/v2\/pages\/435\/revisions"}],"predecessor-version":[{"id":874,"href":"https:\/\/www.agenciaromanticaanalitica.net\/sitio\/wp-json\/wp\/v2\/pages\/435\/revisions\/874"}],"up":[{"embeddable":true,"href":"https:\/\/www.agenciaromanticaanalitica.net\/sitio\/wp-json\/wp\/v2\/pages\/70"}],"wp:attachment":[{"href":"https:\/\/www.agenciaromanticaanalitica.net\/sitio\/wp-json\/wp\/v2\/media?parent=435"}],"curies":[{"name":"wp","href":"https:\/\/api.w.org\/{rel}","templated":true}]}}