{"id":393,"date":"2020-06-21T20:09:33","date_gmt":"2020-06-21T20:09:33","guid":{"rendered":"https:\/\/www.agenciaromanticaanalitica.net\/sitio\/?page_id=393"},"modified":"2021-07-30T19:14:54","modified_gmt":"2021-07-30T19:14:54","slug":"participa-2","status":"publish","type":"page","link":"https:\/\/www.agenciaromanticaanalitica.net\/sitio\/participa\/participa-2\/","title":{"rendered":"Participa"},"content":{"rendered":"<div class=\"boldgrid-section\">\n<div class=\"container-fluid\">\n<div class=\"row\">\n<div class=\"col-md-12 col-xs-12 col-sm-12\">\n<div class=\"boldgrid-section\">\n<div class=\"container-fluid\">\n<div class=\"row\" style=\"padding-top: 0px; padding-bottom: 0px;\">\n<div class=\"col-md-12 col-xs-12 col-sm-12\"><\/div>\n<\/div>\n<\/div>\n<\/div>\n<div class=\"boldgrid-section\">\n<div class=\"container-fluid\">\n<div class=\"row bg-background-color color5-background-color color-5-text-contrast\" style=\"padding-top: 25px; padding-bottom: 10px;\">\n<div><strong><a class=\"\" href=\"https:\/\/www.agenciaromanticaanalitica.net\/sitio\/participa\/\"> &nbsp;[espa\u00f1ol]<\/a> <a href=\"https:\/\/www.agenciaromanticaanalitica.net\/sitio\/participa\/participa-2\/\">[portugu\u00eas]<\/a><\/strong><\/div>\n<\/div>\n<\/div>\n<\/div>\n<div class=\"tmpl-about-6 boldgrid-section dynamic-gridblock background-parallax\" style=\"background-position: 50% 50%; background-size: cover; background-image: url('https:\/\/www.agenciaromanticaanalitica.net\/sitio\/wp-content\/uploads\/2020\/06\/ixlibrb-0.3.5q80fmjpgcropentropycstinysrgbw1600h900fitcrops589dd39321ed01cc214a2e39440f2a6f.jpg');\" data-image-url=\"https:\/\/www.agenciaromanticaanalitica.net\/sitio\/wp-content\/uploads\/2020\/06\/ixlibrb-0.3.5q80fmjpgcropentropycstinysrgbw1600h900fitcrops589dd39321ed01cc214a2e39440f2a6f.jpg\">\n<div class=\"container-fluid\">\n<div class=\"row\" data-image-url=\"https:\/\/www.agenciaromanticaanalitica.net\/sitio\/wp-content\/uploads\/2020\/06\/a-01-scaled.jpg\" style=\"background-image: url('https:\/\/www.agenciaromanticaanalitica.net\/sitio\/wp-content\/uploads\/2020\/06\/a-01-scaled.jpg'); background-size: cover; background-position: 50% 11%; padding: 5em;\">\n<div class=\"col-md-5 col-sm-7 col-xs-12 text-center\">\n<div style=\"padding: 80px 5%;\" class=\"bg-box-cover color4-background-color color-4-text-contrast bg-background-color bg-box\">\n<p class=\"\"><i class=\"fa fa-arrow-down\" style=\"font-size: 60px;\" aria-hidden=\"true\"><span style=\"display: none;\">&nbsp;<\/span><\/i><\/p>\n<h2 class=\"h1 color5-color\" style=\"font-size: 40px; font-family: Viga; font-weight: 400;\" data-font-family=\"Viga\" data-font-weight=\"400\" data-font-style=\"\">Participa<\/h2>\n<p class=\"\" style=\"margin: 30px 0;\">A Ag\u00eancia Anal\u00edtica Rom\u00e2ntica prop\u00f5e diferentes inst\u00e2ncias de participa\u00e7\u00e3o para abrir o debate sobre a afetividade na Am\u00e9rica Latina..<\/p>\n<p class=\"\">&nbsp;<\/p>\n<p class=\"\">&nbsp;<\/p>\n<\/div>\n<\/div>\n<div class=\"col-md-7 col-sm-5 col-xs-12\"><\/div>\n<\/div>\n<\/div>\n<\/div>\n<div class=\"tmpl-about-10 boldgrid-section dynamic-gridblock background-parallax\" style=\"color: #1d1d1d;\">\n<div class=\"container-fluid\">\n<div class=\"row\" style=\"padding-top: 5em; padding-bottom: 5em; padding-right: 1.3em; border-radius: 0px; box-shadow: #cecece -2px 0px 0px -1px; width: auto; margin: -1px; background-color: #eacc47;\">\n<div class=\"col-md-4 col-sm-4 col-xs-3\">\n<div>\n<p class=\"\">&nbsp;<\/p>\n<\/div>\n<\/div>\n<div class=\"col-md-6 col-sm-4 col-xs-9 color4-border-color\" style=\"padding: 0em 1em 2em 2em; border-left: 1px solid;\">\n<div>\n<h2 class=\"\" style=\"font-family: Viga; font-weight: 400;\" data-font-family=\"Viga\" data-font-weight=\"400\" data-font-style=\"\">debates ao vivo<\/h2>\n<p class=\"\">Estamos abertas a fazer lives e debates sobre arte e afetividade. Entre em<a href=\"https:\/\/www.agenciaromanticaanalitica.net\/sitio\/contacto\/contato\/\"><strong>contacto<\/strong><\/a>conosco!&nbsp;<\/p>\n<p>&nbsp;<\/p>\n<h2 class=\"\" style=\"font-family: Viga; font-weight: 400;\" data-font-family=\"Viga\" data-font-weight=\"400\" data-font-style=\"\">#kambiaroke<\/h2>\n<p class=\"\">Convidamos voc\u00ea a compartilhar atrav\u00e9s da forma de interven\u00e7\u00f5es de grandes sucessos da m\u00fasica rom\u00e2ntica latino-americana, mudando suas letras. Com eles faremos v\u00eddeos de karaok\u00ea!<\/p>\n<p class=\"\">&nbsp;<\/p>\n<p class=\"\">Propomos fazer as mudan\u00e7as que voc\u00ea preferir dentro das seguintes possibilidades:<\/p>\n<p class=\"\">&nbsp;<\/p>\n<p class=\"\">&#8211; Alterar g\u00eanero para letra<br \/>\n&#8211; Sexualidade expl\u00edcita ou pr\u00e1ticas sexuais<br \/>\n&#8211; Descreva outras formas de relacionamento, como:<br \/>\n&#8211; Rela\u00e7\u00f5es n\u00e3o exclusivas e n\u00e3o violentas (materiais e simb\u00f3licas)<br \/>\n&#8211; Rela\u00e7\u00f5es abertas ou poliamorosas<br \/>\n&#8211; Que a nova letra explique ou discuta:<br \/>\n&#8211; A ideia homog\u00eanea de amor, lgtbfobia compuls\u00f3ria ou heterossexualidade, monogamia, machismo, a condi\u00e7\u00e3o contratual de amor, subordina\u00e7\u00e3o e exclus\u00e3o (racial, de classe, g\u00eanero e sexualidade).<\/p>\n<p class=\"\">&nbsp;<\/p>\n<h2 class=\"\" style=\"font-family: Viga; font-weight: 400;\" data-font-family=\"Viga\" data-font-weight=\"400\" data-font-style=\"\">obrigada!<\/h2>\n<p class=\"\">Obrigada!<br \/>\nSua colabora\u00e7\u00e3o \u00e9 essencial para o desenvolvimento adequado deste projeto.<\/p>\n<\/div>\n<\/div>\n<div class=\"col-md-2 col-sm-4 col-xs-12\">\n<div>\n<p class=\"\">&nbsp;<\/p>\n<\/div>\n<\/div>\n<\/div>\n<div class=\"row\" style=\"padding: 70px 0.1em 5em 0.5em; background-image: url('https:\/\/www.agenciaromanticaanalitica.net\/sitio\/wp-content\/uploads\/2020\/06\/Sin-t\u00edtulo-2-01-scaled.jpg'); background-size: cover; background-position: 50% 50%;\" data-image-url=\"https:\/\/www.agenciaromanticaanalitica.net\/sitio\/wp-content\/uploads\/2020\/06\/Sin-t\u00edtulo-2-01-scaled.jpg\">\n<div class=\"col-md-6 col-sm-6 col-xs-3 align-column-center\">\n<div>\n<p><i class=\"fa bg-inserted-icon fa-paper-plane-o\" style=\"font-size: 36px;\" aria-hidden=\"true\"> <span style=\"display: none;\">&nbsp;<\/span> <\/i><\/p>\n<p class=\"h1\" style=\"font-weight: bold; text-align: right;\"><span style=\"color: #000000; font-family: FontAwesome; font-weight: normal;\">&nbsp;<\/span><span style=\"color: #000000; font-family: FontAwesome; font-weight: normal;\">&nbsp; &nbsp; &nbsp;<\/span><\/p>\n<\/div>\n<\/div>\n<div class=\"col-md-4 col-sm-4 col-xs-9 color4-border-color\" style=\"padding: 0em 1em 2em 2em; border-left: 1px solid;\">\n<div class=\"\">\n<h3 class=\"\" style=\"text-align: center; font-family: Viga; font-weight: 400;\" data-font-family=\"Viga\" data-font-weight=\"400\" data-font-style=\"\">O que fazemos com os dados?<\/h3>\n<p class=\"\">As informa\u00e7\u00f5es que nos enviar ser\u00e3o utilizadas para a produ\u00e7\u00e3o de trabalhos art\u00edsticos e outras propostas, como publica\u00e7\u00f5es, que se relacionem com este projecto de investiga\u00e7\u00e3o em arte sobre a afectividade.<\/p>\n<p>Em cada proposta que fizermos, os cr\u00e9ditos de sua colabora\u00e7\u00e3o ser\u00e3o reconhecidos.<br \/>\nOs usos a serem feitos ser\u00e3o de acesso p\u00fablico e gratuito.<\/p>\n<\/div>\n<\/div>\n<div class=\"col-md-2 col-sm-2 col-xs-12\"><\/div>\n<\/div>\n<\/div>\n<\/div>\n<div class=\"boldgrid-section\">\n<div class=\"container-fluid\">\n<div class=\"row\" style=\"padding-top: 31px; padding-bottom: 75px;\">\n<div class=\"col-md-12 col-xs-12 col-sm-12\">\n<div>\n<h3 class=\"\" style=\"font-family: Viga; font-weight: 400;\" data-font-family=\"Viga\" data-font-weight=\"400\" data-font-style=\"\">Formul\u00e1rio online para #kambiaroke<\/h3>\n<p class=\"\">&nbsp;<\/p>\n<p><iframe loading=\"lazy\" src=\"https:\/\/docs.google.com\/forms\/d\/e\/1FAIpQLSdC2OxdZml1eISolfA1uXlWWOxtDgYQn2YidGZHZoQwPt4bYg\/viewform?embedded=true\" width=\"900\" height=\"520\" frameborder=\"0\" marginwidth=\"0\" marginheight=\"0\">Loading\u2026<\/iframe><\/p>\n<\/div>\n<\/div>\n<\/div>\n<\/div>\n<\/div>\n<div style=\"border-bottom: 10px solid; color: #1d1d1d; background-position: 50% 50%; background-size: auto; background-repeat: repeat; background-image: linear-gradient(to left, #02aab0, #00cdac);\" class=\"color2-border-color tmpl-about-15 boldgrid-section dynamic-gridblock background-parallax\" data-bg-overlaycolor=\"rgba(238, 238, 238, 0.8)\" data-bg-color-1=\"#02AAB0\" data-bg-color-2=\"#00CDAC\" data-bg-direction=\"to left\">\n<div class=\"container-fluid\">\n<div class=\"row current-edit-as-row\" style=\"padding-bottom: 4px;\">\n<div class=\"col-md-6 col-sm-3 col-xs-1\" style=\"background-color: #c4c4c4;\">\n<div><\/div>\n<\/div>\n<div class=\"col-md-4 col-sm-6 col-xs-10\" style=\"background-color: #c4c4c4;\">\n<div>\n<p class=\"\" style=\"margin-top: -60px; z-index: 1; position: relative;\"><img loading=\"lazy\" decoding=\"async\" class=\"bg-img-1 color-neutral-border-color bg-img  alignright wp-image-787 size-medium\" style=\"border: 10px solid;\" src=\"https:\/\/www.agenciaromanticaanalitica.net\/sitio\/wp-content\/uploads\/2021\/05\/logo-Agencia-Romantica-Analitica-300x300.jpeg\" alt=\"\" width=\"300\" height=\"300\" srcset=\"https:\/\/www.agenciaromanticaanalitica.net\/sitio\/wp-content\/uploads\/2021\/05\/logo-Agencia-Romantica-Analitica-300x300.jpeg 300w, https:\/\/www.agenciaromanticaanalitica.net\/sitio\/wp-content\/uploads\/2021\/05\/logo-Agencia-Romantica-Analitica-1024x1024.jpeg 1024w, https:\/\/www.agenciaromanticaanalitica.net\/sitio\/wp-content\/uploads\/2021\/05\/logo-Agencia-Romantica-Analitica-150x150.jpeg 150w, https:\/\/www.agenciaromanticaanalitica.net\/sitio\/wp-content\/uploads\/2021\/05\/logo-Agencia-Romantica-Analitica-768x768.jpeg 768w, https:\/\/www.agenciaromanticaanalitica.net\/sitio\/wp-content\/uploads\/2021\/05\/logo-Agencia-Romantica-Analitica-75x75.jpeg 75w, https:\/\/www.agenciaromanticaanalitica.net\/sitio\/wp-content\/uploads\/2021\/05\/logo-Agencia-Romantica-Analitica-48x48.jpeg 48w, https:\/\/www.agenciaromanticaanalitica.net\/sitio\/wp-content\/uploads\/2021\/05\/logo-Agencia-Romantica-Analitica-250x250.jpeg 250w, https:\/\/www.agenciaromanticaanalitica.net\/sitio\/wp-content\/uploads\/2021\/05\/logo-Agencia-Romantica-Analitica-550x550.jpeg 550w, https:\/\/www.agenciaromanticaanalitica.net\/sitio\/wp-content\/uploads\/2021\/05\/logo-Agencia-Romantica-Analitica-800x800.jpeg 800w, https:\/\/www.agenciaromanticaanalitica.net\/sitio\/wp-content\/uploads\/2021\/05\/logo-Agencia-Romantica-Analitica-180x180.jpeg 180w, https:\/\/www.agenciaromanticaanalitica.net\/sitio\/wp-content\/uploads\/2021\/05\/logo-Agencia-Romantica-Analitica-500x500.jpeg 500w, https:\/\/www.agenciaromanticaanalitica.net\/sitio\/wp-content\/uploads\/2021\/05\/logo-Agencia-Romantica-Analitica.jpeg 1240w\" sizes=\"auto, (max-width: 300px) 100vw, 300px\" \/><\/p>\n<\/div>\n<\/div>\n<div class=\"col-md-2 col-sm-3 col-xs-1\" style=\"background-color: #c4c4c4;\"><\/div>\n<\/div>\n<\/div>\n<\/div>\n<\/div>\n<\/div>\n<\/div>\n<\/div>\n","protected":false},"excerpt":{"rendered":"<p>&nbsp;[espa\u00f1ol] [portugu\u00eas] &nbsp; Participa A Ag\u00eancia Anal\u00edtica Rom\u00e2ntica prop\u00f5e diferentes inst\u00e2ncias de participa\u00e7\u00e3o para abrir o debate sobre a afetividade&hellip; <a class=\"read-more\" href=\"https:\/\/www.agenciaromanticaanalitica.net\/sitio\/participa\/participa-2\/\">Read more <span class=\"screen-reader-text\">Participa<\/span><\/a><\/p>\n","protected":false},"author":1,"featured_media":0,"parent":53,"menu_order":0,"comment_status":"closed","ping_status":"closed","template":"template\/page\/fullwidth.php","meta":{"bgseo_title":"","bgseo_description":"","bgseo_robots_index":"index","bgseo_robots_follow":"follow","footnotes":""},"class_list":["post-393","page","type-page","status-publish","hentry"],"_links":{"self":[{"href":"https:\/\/www.agenciaromanticaanalitica.net\/sitio\/wp-json\/wp\/v2\/pages\/393","targetHints":{"allow":["GET"]}}],"collection":[{"href":"https:\/\/www.agenciaromanticaanalitica.net\/sitio\/wp-json\/wp\/v2\/pages"}],"about":[{"href":"https:\/\/www.agenciaromanticaanalitica.net\/sitio\/wp-json\/wp\/v2\/types\/page"}],"author":[{"embeddable":true,"href":"https:\/\/www.agenciaromanticaanalitica.net\/sitio\/wp-json\/wp\/v2\/users\/1"}],"replies":[{"embeddable":true,"href":"https:\/\/www.agenciaromanticaanalitica.net\/sitio\/wp-json\/wp\/v2\/comments?post=393"}],"version-history":[{"count":10,"href":"https:\/\/www.agenciaromanticaanalitica.net\/sitio\/wp-json\/wp\/v2\/pages\/393\/revisions"}],"predecessor-version":[{"id":871,"href":"https:\/\/www.agenciaromanticaanalitica.net\/sitio\/wp-json\/wp\/v2\/pages\/393\/revisions\/871"}],"up":[{"embeddable":true,"href":"https:\/\/www.agenciaromanticaanalitica.net\/sitio\/wp-json\/wp\/v2\/pages\/53"}],"wp:attachment":[{"href":"https:\/\/www.agenciaromanticaanalitica.net\/sitio\/wp-json\/wp\/v2\/media?parent=393"}],"curies":[{"name":"wp","href":"https:\/\/api.w.org\/{rel}","templated":true}]}}