{"id":281,"date":"2020-06-20T21:37:37","date_gmt":"2020-06-20T21:37:37","guid":{"rendered":"https:\/\/www.agenciaromanticaanalitica.net\/sitio\/?page_id=281"},"modified":"2022-11-12T14:26:25","modified_gmt":"2022-11-12T14:26:25","slug":"investigacion","status":"publish","type":"page","link":"https:\/\/www.agenciaromanticaanalitica.net\/sitio\/","title":{"rendered":"La Investigaci\u00f3n"},"content":{"rendered":"<div class=\"boldgrid-section\">\n<div class=\"container-fluid\">\n<div class=\"row bg-background-color color5-background-color color-5-text-contrast\" style=\"padding-top: 31px; padding-bottom: 14px;\">\n<h3 class=\"col-md-12 col-xs-12 col-sm-12 col-lg-12\" style=\"font-size: 17px;\"><a href=\"https:\/\/www.agenciaromanticaanalitica.net\/sitio\/investigacion\/\">[espa\u00f1ol]<\/a> <a href=\"https:\/\/www.agenciaromanticaanalitica.net\/sitio\/investigacion\/a-pesquisa\/\">[portugu\u00eas]<\/a><\/h3>\n<\/div>\n<\/div>\n<\/div>\n<div class=\"color4-background-color color-4-text-contrast bg-background-color tmpl-blog-2 boldgrid-section dynamic-gridblock\">\n<div class=\"container\">\n<div class=\"row\" style=\"padding-bottom: 0px; padding-top: 38px;\">\n<div class=\"col-md-12 col-sm-12 col-xs-12 col-lg-12\" style=\"padding: 1em;\">\n<h3 class=\"\">Investigaci\u00f3n<\/h3>\n<p class=\"\"><span style=\"font-weight: 400;\">Somos una propuesta de obra, sobre una ficci\u00f3n institucional de arte, que tiene como objetivo abrir el debate sobre afectividad, a trav\u00e9s de la investigaci\u00f3n y la apropiaci\u00f3n de fen\u00f3menos de la cultura popular, habilitando interacciones y participaci\u00f3n.<\/span><\/p>\n<p class=\"\">Estamos interesadas en comprobar como en algunos fen\u00f3menos de la cultura popular latinoamericana existe una reproducci\u00f3n de un modelo \u00fanico de afectividad, caracterizado por la influencia de las normas victorianas heterocispatriarcales; que oculta los mecanismos econ\u00f3micos de exclusi\u00f3n y subordinaci\u00f3n (de pr\u00e1cticas sexuales, g\u00e9nero, sexualidad, raza y clase), a la vez propician una violencia que se naturaliza en este tipo de relaciones.<\/p>\n<p class=\"\">&nbsp;<\/p>\n<\/div>\n<\/div>\n<div class=\"row\" style=\"padding-bottom: 25px;\">\n<div class=\"col-md-2 col-sm-3 col-xs-3 align-column-center col-lg-2\">\n<p class=\"h1\" style=\"font-weight: bold; text-align: right;\">01<\/p>\n<\/div>\n<div class=\"col-md-9 col-sm-8 col-xs-9 color5-border-color col-lg-9\" style=\"padding: 0em 1em 2em 2em; border-left: 1px solid;\">\n<h3 class=\"\"><span style=\"color: #ff99cc;\">INVESTIGACI\u00d3N:&nbsp;<\/span><br \/>\n<span style=\"font-family: 'Roboto Condensed', 'Helvetica Neue', helvetica, arial, sans-serif; font-size: 15px; font-weight: 400;\">Primero trabajamos investigando la iconograf\u00eda y discursividad de algunos fen\u00f3menos, como las canciones de amor, las tapas de los \u00e1lbumes de m\u00fasica rom\u00e1ntica, el karaoke, o las novelas en Am\u00e9rica Latina, realizando una investigaci\u00f3n de sus recursos gr\u00e1ficos, compositivos y narrativos.&nbsp;<\/span><\/h3>\n<\/div>\n<\/div>\n<div class=\"row\" style=\"padding-top: 25px; padding-bottom: 25px;\">\n<div class=\"col-md-2 col-sm-3 col-xs-3 align-column-center col-lg-2\">\n<p class=\"h1\" style=\"font-weight: bold; text-align: right;\">02<\/p>\n<\/div>\n<div class=\"col-md-9 col-sm-8 col-xs-9 color5-border-color col-lg-9\" style=\"padding: 0em 1em 2em 2em; border-left: 1px solid;\">\n<h3 class=\"color5-color\"><span style=\"color: #008080;\">APROPIACI\u00d3N<\/span><br \/>\n<span style=\"font-family: 'Roboto Condensed', 'Helvetica Neue', helvetica, arial, sans-serif; font-size: 15px; font-weight: 400;\">Una vez que identificamos las recurrencias en la iconograf\u00eda de objetos que refieren al amor, decidimos apropiarnos y realizar intervenciones que evidencien los patrones de construcci\u00f3n de estas im\u00e1genes y discursos. <\/span><\/h3>\n<\/div>\n<\/div>\n<div class=\"row\" style=\"padding-top: 25px; padding-bottom: 31px;\">\n<div class=\"col-md-2 col-sm-3 col-xs-3 align-column-center col-lg-2\">\n<p class=\"h1\" style=\"font-weight: bold; text-align: right;\">03<\/p>\n<\/div>\n<div class=\"col-md-9 col-sm-8 col-xs-9 color5-border-color col-lg-9\" style=\"padding: 0em 1em 2em 2em; border-left: 1px solid;\">\n<h3 class=\"\">INTERACCI\u00d3N Y PARTICIPACI\u00d3N<br \/>\n<span style=\"font-family: 'Roboto Condensed', 'Helvetica Neue', helvetica, arial, sans-serif; font-size: 15px; font-weight: 400;\">Realizamos propuestas de intervenci\u00f3n conjunta de los diferentes fen\u00f3menos, sobre su materialidad, visualidad y narrativa; <span style=\"font-weight: 400;\">para pensar instancias colectivas de participaci\u00f3n, donde propongamos imaginar otras formas de afectividad, de forma colectiva y colaborativa.&nbsp;<\/span><\/span><\/h3>\n<\/div>\n<\/div>\n<\/div>\n<\/div>\n<div class=\"boldgrid-section\">\n<div class=\"container\">\n<div class=\"row\" style=\"padding-top: 0px;\">\n<div class=\"col-md-12 col-xs-12 col-sm-12 col-lg-12\">\n<p class=\"\"><img loading=\"lazy\" decoding=\"async\" class=\"alignnone wp-image-758 size-full\" src=\"https:\/\/www.agenciaromanticaanalitica.net\/sitio\/wp-content\/uploads\/2021\/04\/Guillermina-Bustos-Agencia-Romantica-Analitica-diagrama-general-Agencia-ESPANOL-01-scaled.jpg\" alt=\"\" width=\"2560\" height=\"2560\" srcset=\"https:\/\/www.agenciaromanticaanalitica.net\/sitio\/wp-content\/uploads\/2021\/04\/Guillermina-Bustos-Agencia-Romantica-Analitica-diagrama-general-Agencia-ESPANOL-01-scaled.jpg 2560w, https:\/\/www.agenciaromanticaanalitica.net\/sitio\/wp-content\/uploads\/2021\/04\/Guillermina-Bustos-Agencia-Romantica-Analitica-diagrama-general-Agencia-ESPANOL-01-300x300.jpg 300w, https:\/\/www.agenciaromanticaanalitica.net\/sitio\/wp-content\/uploads\/2021\/04\/Guillermina-Bustos-Agencia-Romantica-Analitica-diagrama-general-Agencia-ESPANOL-01-1024x1024.jpg 1024w, https:\/\/www.agenciaromanticaanalitica.net\/sitio\/wp-content\/uploads\/2021\/04\/Guillermina-Bustos-Agencia-Romantica-Analitica-diagrama-general-Agencia-ESPANOL-01-150x150.jpg 150w, https:\/\/www.agenciaromanticaanalitica.net\/sitio\/wp-content\/uploads\/2021\/04\/Guillermina-Bustos-Agencia-Romantica-Analitica-diagrama-general-Agencia-ESPANOL-01-768x768.jpg 768w, https:\/\/www.agenciaromanticaanalitica.net\/sitio\/wp-content\/uploads\/2021\/04\/Guillermina-Bustos-Agencia-Romantica-Analitica-diagrama-general-Agencia-ESPANOL-01-1536x1536.jpg 1536w, https:\/\/www.agenciaromanticaanalitica.net\/sitio\/wp-content\/uploads\/2021\/04\/Guillermina-Bustos-Agencia-Romantica-Analitica-diagrama-general-Agencia-ESPANOL-01-2048x2048.jpg 2048w, https:\/\/www.agenciaromanticaanalitica.net\/sitio\/wp-content\/uploads\/2021\/04\/Guillermina-Bustos-Agencia-Romantica-Analitica-diagrama-general-Agencia-ESPANOL-01-75x75.jpg 75w, https:\/\/www.agenciaromanticaanalitica.net\/sitio\/wp-content\/uploads\/2021\/04\/Guillermina-Bustos-Agencia-Romantica-Analitica-diagrama-general-Agencia-ESPANOL-01-48x48.jpg 48w, https:\/\/www.agenciaromanticaanalitica.net\/sitio\/wp-content\/uploads\/2021\/04\/Guillermina-Bustos-Agencia-Romantica-Analitica-diagrama-general-Agencia-ESPANOL-01-250x250.jpg 250w, https:\/\/www.agenciaromanticaanalitica.net\/sitio\/wp-content\/uploads\/2021\/04\/Guillermina-Bustos-Agencia-Romantica-Analitica-diagrama-general-Agencia-ESPANOL-01-550x550.jpg 550w, https:\/\/www.agenciaromanticaanalitica.net\/sitio\/wp-content\/uploads\/2021\/04\/Guillermina-Bustos-Agencia-Romantica-Analitica-diagrama-general-Agencia-ESPANOL-01-800x800.jpg 800w, https:\/\/www.agenciaromanticaanalitica.net\/sitio\/wp-content\/uploads\/2021\/04\/Guillermina-Bustos-Agencia-Romantica-Analitica-diagrama-general-Agencia-ESPANOL-01-180x180.jpg 180w, https:\/\/www.agenciaromanticaanalitica.net\/sitio\/wp-content\/uploads\/2021\/04\/Guillermina-Bustos-Agencia-Romantica-Analitica-diagrama-general-Agencia-ESPANOL-01-500x500.jpg 500w\" sizes=\"auto, (max-width: 2560px) 100vw, 2560px\" \/><\/p>\n<h2 class=\"\" style=\"font-family: Viga; font-weight: 400; background-color: #ffffff;\" data-font-family=\"Viga\" data-font-weight=\"400\" data-font-style=\"\">Nuestra declaraci\u00f3n de intenciones<\/h2>\n<p class=\"\"><span style=\"font-weight: 400;\">Venimos constatando que a trav\u00e9s de distintas manifestaciones culturales se ha establecido un imaginario estereotipado y delimitado de afectividad.<\/span><\/p>\n<p class=\"\" style=\"background-color: #ffffff;\"><span style=\"font-weight: 400;\">Nuestra afectividad ha sido educada por numerosas instancias de formaci\u00f3n a lo largo de nuestra vida, que no solo son formales o acad\u00e9micas, sino que aprendemos a trav\u00e9s de relacionarnos con otras personas y est\u00e1r en contacto con diferentes medios y manifestaciones culturales.&nbsp;<\/span><\/p>\n<p class=\"\"><span style=\"font-weight: 400;\">Este aprendizaje (formal e informal) con frecuencia se circunscribe casi exclusivamente a la cultura hegem\u00f3nica del territorio que habitamos. Esto implica tambi\u00e9n que nuestra afectividad se encuentran prescripta, en primera instancia, a una cultura determinada por un modelo blanco, burgu\u00e9s, monog\u00e1mico, heterocispatriarcal y de pr\u00e1cticas sexuales espec\u00edficas.<\/span><\/p>\n<p class=\"\" style=\"background-color: #ffffff;\"><span style=\"font-weight: 400;\">En relaci\u00f3n a esto proponemos un trabajo de an\u00e1lisis de uno de los fen\u00f3menos culturales m\u00e1s masivos en la narratividad de sentimientos y la instalaci\u00f3n de la afectividad rom\u00e1ntica en Am\u00e9rica Latina: las canciones de amor populares.<\/span><\/p>\n<p class=\"\"><span style=\"font-weight: 400;\">A trav\u00e9s de la utilizaci\u00f3n de an\u00e1lisis de discurso tenemos previsto dejar en evidencia los patrones y recurrencias en las canciones, como tambi\u00e9n preguntarnos por lo que es obviado y lo que se oculta.<\/span><\/p>\n<p class=\"\"><span style=\"font-weight: 400;\">Una vez publicado el an\u00e1lisis pensaremos conjuntamente de qu\u00e9 otra manera podemos afectar nuestra afectividad y establecer otras narrativas sobre nuestras emociones.<\/span><\/p>\n<h2 class=\"\" style=\"font-family: Viga; font-weight: 400; background-color: #ffffff;\" data-font-family=\"Viga\" data-font-weight=\"400\" data-font-style=\"\">Nuestra red<\/h2>\n<p class=\"\">El Mapa Rom\u00e1ntico Anal\u00edtico es un relevamiento de iniciativas y colectivos dedicados a pensar y debatir sobre relaciones afectivas en Am\u00e9rica Latina.&nbsp;<\/p>\n<p class=\"\" style=\"text-align: center;\"><\/p>\n<\/div>\n<\/div>\n<div class=\"row\" style=\"padding-top: 25px;\">\n<div class=\"col-md-12 col-xs-12 col-sm-12 col-lg-12\"><\/div>\n<\/div>\n<\/div>\n<\/div>\n","protected":false},"excerpt":{"rendered":"<p>[espa\u00f1ol] [portugu\u00eas] Investigaci\u00f3n Somos una propuesta de obra, sobre una ficci\u00f3n institucional de arte, que tiene como objetivo abrir el&hellip; <a class=\"read-more\" href=\"https:\/\/www.agenciaromanticaanalitica.net\/sitio\/\">Read more <span class=\"screen-reader-text\">La Investigaci\u00f3n<\/span><\/a><\/p>\n","protected":false},"author":1,"featured_media":0,"parent":0,"menu_order":3,"comment_status":"closed","ping_status":"closed","template":"template\/page\/fullwidth.php","meta":{"bgseo_title":"","bgseo_description":"","bgseo_robots_index":"index","bgseo_robots_follow":"follow","footnotes":""},"class_list":["post-281","page","type-page","status-publish","hentry"],"_links":{"self":[{"href":"https:\/\/www.agenciaromanticaanalitica.net\/sitio\/wp-json\/wp\/v2\/pages\/281","targetHints":{"allow":["GET"]}}],"collection":[{"href":"https:\/\/www.agenciaromanticaanalitica.net\/sitio\/wp-json\/wp\/v2\/pages"}],"about":[{"href":"https:\/\/www.agenciaromanticaanalitica.net\/sitio\/wp-json\/wp\/v2\/types\/page"}],"author":[{"embeddable":true,"href":"https:\/\/www.agenciaromanticaanalitica.net\/sitio\/wp-json\/wp\/v2\/users\/1"}],"replies":[{"embeddable":true,"href":"https:\/\/www.agenciaromanticaanalitica.net\/sitio\/wp-json\/wp\/v2\/comments?post=281"}],"version-history":[{"count":10,"href":"https:\/\/www.agenciaromanticaanalitica.net\/sitio\/wp-json\/wp\/v2\/pages\/281\/revisions"}],"predecessor-version":[{"id":860,"href":"https:\/\/www.agenciaromanticaanalitica.net\/sitio\/wp-json\/wp\/v2\/pages\/281\/revisions\/860"}],"wp:attachment":[{"href":"https:\/\/www.agenciaromanticaanalitica.net\/sitio\/wp-json\/wp\/v2\/media?parent=281"}],"curies":[{"name":"wp","href":"https:\/\/api.w.org\/{rel}","templated":true}]}}